{"id":2482,"date":"2021-04-27T14:14:07","date_gmt":"2021-04-27T14:14:07","guid":{"rendered":"https:\/\/gokcegrup.com.tr\/?page_id=2482"},"modified":"2021-06-23T17:43:34","modified_gmt":"2021-06-23T14:43:34","slug":"hakkimizda","status":"publish","type":"page","link":"https:\/\/gokcegrup.com.tr\/?page_id=2482","title":{"rendered":"Hakk\u0131m\u0131zda"},"content":{"rendered":"<p>[vc_row content_placement=&#8221;middle&#8221; row_reverse_mobile=&#8221;1&#8243; css=&#8221;.vc_custom_1619533674975{margin-top: 40px !important;margin-bottom: 4vh !important;}&#8221; mobile_bg_img_hidden=&#8221;no&#8221; tablet_bg_img_hidden=&#8221;no&#8221; woodmart_parallax=&#8221;0&#8243; woodmart_gradient_switch=&#8221;no&#8221; row_reverse_tablet=&#8221;0&#8243; woodmart_disable_overflow=&#8221;0&#8243;][vc_column offset=&#8221;vc_col-lg-6 vc_col-md-6&#8243; css=&#8221;.vc_custom_1522937351377{margin-bottom: 4vh !important;}&#8221;]\t\n\t\t\t<div id=\"wd-60881eacc106c\" class=\"woodmart-text-block-wrapper color-scheme-dark woodmart-title-size-custom woodmart-title-width-90 text-left vc_custom_1619533512396\">\n\t\t\t\t<div class=\"woodmart-title-container woodmart-text-block font-primary woodmart-font-weight-600\">\n\t\t\t\t\tSiz isteyin,<br class=\"hidden-xs hidden-sm\" \/>biz <span class=\"color-primary\">\u00e7\u00f6z\u00fcm<\/span> \u00fcretelim\t\t\t\t<\/div>\n\t\t\t\t\t\n\t\t\t<\/div>\n\t\t[vc_column_text css=&#8221;.vc_custom_1619533433718{margin-bottom: 20px !important;}&#8221; el_class=&#8221;text-larger&#8221; text_larger=&#8221;no&#8221;]\u015eirketimiz, uzun y\u0131llar boyunca edindi\u011fi bilgi ve deneyimleri harmanlay\u0131p, G\u00f6k\u00e7e Grup&#8217;ta birle\u015ftiren Fikret G\u00d6K\u00c7E taraf\u0131ndan 2005 y\u0131l\u0131nda kurulmu\u015ftur.<\/p>\n<p>Profesyonel ekipleri, donan\u0131ml\u0131 makineleri ve kaliteli temizlik \u00fcr\u00fcnleriyle, hijyenik temizli\u011fin son derece \u00f6nemli oldu\u011fu her yerde sizin memnuniyetiniz i\u00e7in \u00e7\u00f6z\u00fcm orta\u011f\u0131n\u0131z olmay\u0131 ama\u00e7lam\u0131\u015ft\u0131r.[\/vc_column_text][\/vc_column][vc_column offset=&#8221;vc_col-lg-6 vc_col-md-6&#8243; css=&#8221;.vc_custom_1522937354748{margin-bottom: 4vh !important;}&#8221;][vc_single_image image=&#8221;2871&#8243; img_size=&#8221;full&#8221; scroll_x=&#8221;0&#8243; scroll_y=&#8221;-60&#8243; scroll_z=&#8221;0&#8243; scroll_smooth=&#8221;30&#8243; parallax_scroll=&#8221;yes&#8221; css=&#8221;.vc_custom_1624459400355{margin-bottom: -60px !important;}&#8221;][vc_empty_space height=&#8221;60px&#8221; woodmart_hide_large=&#8221;1&#8243;][\/vc_column][\/vc_row][vc_row content_placement=&#8221;middle&#8221; css=&#8221;.vc_custom_1535114123183{margin-bottom: 8vh !important;}&#8221;][vc_column css=&#8221;.vc_custom_1522938665062{margin-bottom: 4vh !important;}&#8221; offset=&#8221;vc_col-lg-6 vc_col-md-6&#8243;][vc_single_image image=&#8221;2872&#8243; img_size=&#8221;full&#8221; scroll_x=&#8221;0&#8243; scroll_y=&#8221;-60&#8243; scroll_z=&#8221;0&#8243; parallax_scroll=&#8221;yes&#8221; css=&#8221;.vc_custom_1624459411726{margin-bottom: -60px !important;}&#8221;][vc_empty_space height=&#8221;60px&#8221; woodmart_hide_large=&#8221;1&#8243;][\/vc_column][vc_column css=&#8221;.vc_custom_1522938670164{margin-bottom: 4vh !important;}&#8221; offset=&#8221;vc_col-lg-6 vc_col-md-6&#8243;][vc_column_text css=&#8221;.vc_custom_1619870942744{margin-bottom: 20px !important;}&#8221; el_class=&#8221;text-larger&#8221; text_larger=&#8221;no&#8221;]<strong>G\u00f6k\u00e7e Grup<\/strong>, yeni ve daha modern \u00e7al\u0131\u015fma metotlar\u0131 ile yeni talepleri kar\u015f\u0131lamak amac\u0131yla, geni\u015f bir hizmet yelpazesi geli\u015ftirmi\u015ftir. Sunulan hizmetler operasyonel gruplar\u0131n alt\u0131nda birle\u015ftirilmi\u015ftir; bu hizmetler temizlik, personel temini, g\u00fcvenlik hizmetleridir.<\/p>\n<p>Vizyonumuz ve misyonumuz; konusunda uzman, her konuda sayg\u0131l\u0131, g\u00fcvenilir, t\u00fcm m\u00fc\u015fterilerimize uyum i\u00e7erisinde hizmet vermek ve Kaliteyi s\u00fcrekli iyile\u015ftirmek temel felsefemizdir.<\/p>\n<p>Sekt\u00f6rde yeti\u015fmi\u015f uzman kadromuz, iyi \u00e7evre dostu temizlik kimyasal \u00fcr\u00fcnlerimizle temizliyoruz. B\u00f6ylece daha temiz bir mekanda sa\u011fl\u0131kl\u0131, hijyenik ortamlar yarat\u0131yoruz.[\/vc_column_text][\/vc_column][\/vc_row]<\/p>\n","protected":false},"excerpt":{"rendered":"<p>[vc_row content_placement=&#8221;middle&#8221; row_reverse_mobile=&#8221;1&#8243; css=&#8221;.vc_custom_1619533674975{margin-top: 40px !important;margin-bottom: 4vh !important;}&#8221; mobile_bg_img_hidden=&#8221;no&#8221; tablet_bg_img_hidden=&#8221;no&#8221; woodmart_parallax=&#8221;0&#8243; woodmart_gradient_switch=&#8221;no&#8221; row_reverse_tablet=&#8221;0&#8243; woodmart_disable_overflow=&#8221;0&#8243;][vc_column offset=&#8221;vc_col-lg-6 vc_col-md-6&#8243; css=&#8221;.vc_custom_1522937351377{margin-bottom: 4vh !important;}&#8221;][vc_column_text css=&#8221;.vc_custom_1619533433718{margin-bottom:<\/p>\n","protected":false},"author":1,"featured_media":0,"parent":0,"menu_order":0,"comment_status":"closed","ping_status":"closed","template":"","meta":{"footnotes":""},"class_list":["post-2482","page","type-page","status-publish","hentry"],"_links":{"self":[{"href":"https:\/\/gokcegrup.com.tr\/index.php?rest_route=\/wp\/v2\/pages\/2482","targetHints":{"allow":["GET"]}}],"collection":[{"href":"https:\/\/gokcegrup.com.tr\/index.php?rest_route=\/wp\/v2\/pages"}],"about":[{"href":"https:\/\/gokcegrup.com.tr\/index.php?rest_route=\/wp\/v2\/types\/page"}],"author":[{"embeddable":true,"href":"https:\/\/gokcegrup.com.tr\/index.php?rest_route=\/wp\/v2\/users\/1"}],"replies":[{"embeddable":true,"href":"https:\/\/gokcegrup.com.tr\/index.php?rest_route=%2Fwp%2Fv2%2Fcomments&post=2482"}],"version-history":[{"count":15,"href":"https:\/\/gokcegrup.com.tr\/index.php?rest_route=\/wp\/v2\/pages\/2482\/revisions"}],"predecessor-version":[{"id":2873,"href":"https:\/\/gokcegrup.com.tr\/index.php?rest_route=\/wp\/v2\/pages\/2482\/revisions\/2873"}],"wp:attachment":[{"href":"https:\/\/gokcegrup.com.tr\/index.php?rest_route=%2Fwp%2Fv2%2Fmedia&parent=2482"}],"curies":[{"name":"wp","href":"https:\/\/api.w.org\/{rel}","templated":true}]}}