{"id":2499,"date":"2021-04-28T15:39:20","date_gmt":"2021-04-28T15:39:20","guid":{"rendered":"https:\/\/gokcegrup.com.tr\/?page_id=2499"},"modified":"2021-06-23T17:53:04","modified_gmt":"2021-06-23T14:53:04","slug":"temizlik","status":"publish","type":"page","link":"https:\/\/gokcegrup.com.tr\/?page_id=2499","title":{"rendered":"Temizlik"},"content":{"rendered":"<p>[vc_row full_width=&#8221;stretch_row_content&#8221; equal_height=&#8221;yes&#8221; content_placement=&#8221;middle&#8221; css=&#8221;.vc_custom_1619624405735{margin-top: 50px !important;margin-bottom: 8vh !important;padding-top: 0px !important;padding-bottom: 0px !important;}&#8221; mobile_bg_img_hidden=&#8221;no&#8221; tablet_bg_img_hidden=&#8221;no&#8221; woodmart_parallax=&#8221;0&#8243; woodmart_gradient_switch=&#8221;no&#8221; row_reverse_mobile=&#8221;0&#8243; row_reverse_tablet=&#8221;0&#8243; woodmart_disable_overflow=&#8221;0&#8243;][vc_column css=&#8221;.vc_custom_1624459902055{padding-top: 25vh !important;padding-bottom: 25vh !important;background-image: url(https:\/\/gokcegrup.com.tr\/wp-content\/uploads\/2021\/06\/Temizlik-Genel-Temizlik.jpg?id=2883) !important;background-position: center !important;background-repeat: no-repeat !important;background-size: cover !important;}&#8221; offset=&#8221;vc_col-md-6 vc_col-xs-12&#8243; mobile_bg_img_hidden=&#8221;no&#8221; tablet_bg_img_hidden=&#8221;no&#8221; woodmart_parallax=&#8221;0&#8243; woodmart_sticky_column=&#8221;false&#8221; parallax_scroll=&#8221;no&#8221; mobile_reset_margin=&#8221;no&#8221; tablet_reset_margin=&#8221;no&#8221;][\/vc_column][vc_column css=&#8221;.vc_custom_1535116915237{padding-top: 8vh !important;padding-right: 10% !important;padding-bottom: 8vh !important;padding-left: 10% !important;}&#8221; offset=&#8221;vc_col-md-6 vc_col-xs-12&#8243;]\t\t\n\t\t<div id=\"wd-608982b139dec\" class=\"title-wrapper  woodmart-title-color-default woodmart-title-style-simple woodmart-title-width-100 text-left woodmart-title-size-large \">\n\t\t\t\t\t\t\t<div class=\"title-subtitle  font-default subtitle-style-default woodmart-font-weight-200\">G\u00d6K\u00c7E GRUP<\/div>\n\t\t\t\t\t\t\n\t\t\t<div class=\"liner-continer\">\n\t\t\t\t<span class=\"left-line\"><\/span>\n\t\t\t\t<h4 class=\"woodmart-title-container title  woodmart-font-weight-\" >GENEL TEM\u0130ZL\u0130K<\/h4>\t\t\t\t\t\t\t\t<span class=\"right-line\"><\/span>\n\t\t\t<\/div>\n\t\t\t\n\t\t\t\t\t\t\n\t\t\t\t\t<\/div>\n\t\t\n\t\t[vc_row_inner][vc_column_inner]\n\t\t<div class=\"woodmart-list color-scheme- woodmart-text-size-default woodmart-list-type-icon woodmart-list-style-default vc_custom_1619625356635\" id=\"wd-60898581a76e6\">\n\t\t\t<ul>\n\t\t\t\t\t\t\t\t\t\t\t\t\t\t<li>\n\t\t\t\t\t\t\t\t\t\t\t\t\t<div class=\"list-icon fas fa-tint\"><\/div>\n\t\t\t\t\t\t\t\t\t\t\t\t<span class=\"list-content\">\u0130\u015fyeri, fabrika ev ve binalar\u0131n i\u00e7 ve d\u0131\u015f periyodik temizli\u011fi<\/span>\n\t\t\t\t\t<\/li>\n\t\t\t\t\t\t\t\t\t\t\t\t\t\t<li>\n\t\t\t\t\t\t\t\t\t\t\t\t\t<div class=\"list-icon fas fa-tint\"><\/div>\n\t\t\t\t\t\t\t\t\t\t\t\t<span class=\"list-content\">\u0130\u015fyeri, fabrika ev ve binalar\u0131n i\u00e7 ve d\u0131\u015f in\u015faat sonras\u0131 temizli\u011fi<\/span>\n\t\t\t\t\t<\/li>\n\t\t\t\t\t\t\t\t\t\t\t\t\t\t<li>\n\t\t\t\t\t\t\t\t\t\t\t\t\t<div class=\"list-icon fas fa-tint\"><\/div>\n\t\t\t\t\t\t\t\t\t\t\t\t<span class=\"list-content\">Bah\u00e7e temizli\u011fi bah\u00e7e d\u00fczenlenmesi<\/span>\n\t\t\t\t\t<\/li>\n\t\t\t\t\t\t\t<\/ul>\n\t\t\t\t\t<\/div>\n\t\t\n\t\t[\/vc_column_inner][\/vc_row_inner][vc_row_inner][vc_column_inner width=&#8221;1\/2&#8243;]\n\t\t<div class=\"woodmart-list color-scheme- woodmart-text-size-default woodmart-list-type-icon woodmart-list-style-default \" id=\"wd-608984fee9e47\">\n\t\t\t<ul>\n\t\t\t\t\t\t\t\t\t\t\t\t\t\t<li>\n\t\t\t\t\t\t\t\t\t\t\t\t\t<div class=\"list-icon fas fa-tint\"><\/div>\n\t\t\t\t\t\t\t\t\t\t\t\t<span class=\"list-content\">Villa temizli\u011fi<\/span>\n\t\t\t\t\t<\/li>\n\t\t\t\t\t\t\t\t\t\t\t\t\t\t<li>\n\t\t\t\t\t\t\t\t\t\t\t\t\t<div class=\"list-icon fas fa-tint\"><\/div>\n\t\t\t\t\t\t\t\t\t\t\t\t<span class=\"list-content\">\u00c7i\u00e7ek bak\u0131m ve dikimi<\/span>\n\t\t\t\t\t<\/li>\n\t\t\t\t\t\t\t\t\t\t\t\t\t\t<li>\n\t\t\t\t\t\t\t\t\t\t\t\t\t<div class=\"list-icon fas fa-tint\"><\/div>\n\t\t\t\t\t\t\t\t\t\t\t\t<span class=\"list-content\">Banka temizli\u011fi<\/span>\n\t\t\t\t\t<\/li>\n\t\t\t\t\t\t\t\t\t\t\t\t\t\t<li>\n\t\t\t\t\t\t\t\t\t\t\t\t\t<div class=\"list-icon fas fa-tint\"><\/div>\n\t\t\t\t\t\t\t\t\t\t\t\t<span class=\"list-content\">Hastane temizli\u011fi<\/span>\n\t\t\t\t\t<\/li>\n\t\t\t\t\t\t\t\t\t\t\t\t\t\t<li>\n\t\t\t\t\t\t\t\t\t\t\t\t\t<div class=\"list-icon fas fa-tint\"><\/div>\n\t\t\t\t\t\t\t\t\t\t\t\t<span class=\"list-content\">Sert zemin cilalama<\/span>\n\t\t\t\t\t<\/li>\n\t\t\t\t\t\t\t<\/ul>\n\t\t\t\t\t<\/div>\n\t\t\n\t\t[\/vc_column_inner][vc_column_inner width=&#8221;1\/2&#8243;]\n\t\t<div class=\"woodmart-list color-scheme- woodmart-text-size-default woodmart-list-type-icon woodmart-list-style-default \" id=\"wd-60898489e8668\">\n\t\t\t<ul>\n\t\t\t\t\t\t\t\t\t\t\t\t\t\t<li>\n\t\t\t\t\t\t\t\t\t\t\t\t\t<div class=\"list-icon fas fa-tint\"><\/div>\n\t\t\t\t\t\t\t\t\t\t\t\t<span class=\"list-content\">Otel temizli\u011fi<\/span>\n\t\t\t\t\t<\/li>\n\t\t\t\t\t\t\t\t\t\t\t\t\t\t<li>\n\t\t\t\t\t\t\t\t\t\t\t\t\t<div class=\"list-icon fas fa-tint\"><\/div>\n\t\t\t\t\t\t\t\t\t\t\t\t<span class=\"list-content\">Havuz temizli\u011fi<\/span>\n\t\t\t\t\t<\/li>\n\t\t\t\t\t\t\t\t\t\t\t\t\t\t<li>\n\t\t\t\t\t\t\t\t\t\t\t\t\t<div class=\"list-icon fas fa-tint\"><\/div>\n\t\t\t\t\t\t\t\t\t\t\t\t<span class=\"list-content\">D\u0131\u015f cephe ve cam temizli\u011fi<\/span>\n\t\t\t\t\t<\/li>\n\t\t\t\t\t\t\t\t\t\t\t\t\t\t<li>\n\t\t\t\t\t\t\t\t\t\t\t\t\t<div class=\"list-icon fas fa-tint\"><\/div>\n\t\t\t\t\t\t\t\t\t\t\t\t<span class=\"list-content\">Ev ve i\u015fyeri hal\u0131 temizli\u011fi<\/span>\n\t\t\t\t\t<\/li>\n\t\t\t\t\t\t\t\t\t\t\t\t\t\t<li>\n\t\t\t\t\t\t\t\t\t\t\t\t\t<div class=\"list-icon fas fa-tint\"><\/div>\n\t\t\t\t\t\t\t\t\t\t\t\t<span class=\"list-content\">Al\u0131\u015fveri\u015f merkezi temizli\u011fi<\/span>\n\t\t\t\t\t<\/li>\n\t\t\t\t\t\t\t<\/ul>\n\t\t\t\t\t<\/div>\n\t\t\n\t\t[\/vc_column_inner][\/vc_row_inner][\/vc_column][\/vc_row][vc_row full_width=&#8221;stretch_row_content&#8221; equal_height=&#8221;yes&#8221; content_placement=&#8221;middle&#8221; css=&#8221;.vc_custom_1619625481067{margin-top: 50px !important;margin-bottom: 8vh !important;padding-top: 0px !important;padding-bottom: 0px !important;}&#8221; mobile_bg_img_hidden=&#8221;no&#8221; tablet_bg_img_hidden=&#8221;no&#8221; woodmart_parallax=&#8221;0&#8243; woodmart_gradient_switch=&#8221;no&#8221; row_reverse_mobile=&#8221;0&#8243; row_reverse_tablet=&#8221;0&#8243; woodmart_disable_overflow=&#8221;0&#8243;][vc_column css=&#8221;.vc_custom_1619625618318{padding-top: 8vh !important;padding-right: 10% !important;padding-bottom: 8vh !important;padding-left: 10% !important;}&#8221; offset=&#8221;vc_col-md-6 vc_col-xs-12&#8243; mobile_bg_img_hidden=&#8221;no&#8221; tablet_bg_img_hidden=&#8221;no&#8221; woodmart_parallax=&#8221;0&#8243; woodmart_sticky_column=&#8221;false&#8221; parallax_scroll=&#8221;no&#8221; mobile_reset_margin=&#8221;no&#8221; tablet_reset_margin=&#8221;no&#8221;]\t\t\n\t\t<div id=\"wd-60bd0b5a68e01\" class=\"title-wrapper  woodmart-title-color-default woodmart-title-style-simple woodmart-title-width-100 text-left woodmart-title-size-large \">\n\t\t\t\t\t\t\t<div class=\"title-subtitle  font-default subtitle-style-default woodmart-font-weight-200\">G\u00d6K\u00c7E GRUP<\/div>\n\t\t\t\t\t\t\n\t\t\t<div class=\"liner-continer\">\n\t\t\t\t<span class=\"left-line\"><\/span>\n\t\t\t\t<h4 class=\"woodmart-title-container title  woodmart-font-weight-\" >OF\u0130S TEM\u0130ZL\u0130\u011e\u0130<\/h4>\t\t\t\t\t\t\t\t<span class=\"right-line\"><\/span>\n\t\t\t<\/div>\n\t\t\t\n\t\t\t\t\t\t\n\t\t\t\t\t<\/div>\n\t\t\n\t\t[vc_row_inner][vc_column_inner][vc_column_text text_larger=&#8221;no&#8221;]Ofis temizlikleri d\u00fczenli olarak belirli standartlar \u00e7evresinde verilmesi gereken hizmetlerdir. Ofisiniz i\u00e7in d\u00fczenli veya tek bir kez olmak \u00fczere temizlik hizmetlerinden yararlanmak istiyorsan\u0131z \u00f6ncellikle istedi\u011finiz temizli\u011fin standartlar\u0131n\u0131 belirlemeniz, do\u011fru \u00fcr\u00fcn\u00fc do\u011fru maliyetlere sat\u0131n alman\u0131za ve ofis demirba\u015flar\u0131n\u0131n ekonomik \u00f6m\u00fcrlerinin verimli kullan\u0131lmas\u0131na fayda sa\u011flam\u0131\u015f olacaks\u0131n\u0131z.<\/p>\n<p>Ofis temizli\u011fi d\u00fczeyi \u00e7al\u0131\u015fanlar\u0131n verimlili\u011fini do\u011frudan etkilemektedir.<br \/>\nTemizlik standart\u0131 sadece verimlili\u011fi etkilemekle kalmaz, ayn\u0131 zamanda \u00e7al\u0131\u015fanlar\u0131n genel memnuniyetine de katk\u0131da bulunur. \u00c7al\u0131\u015fanlar ofisleri temiz oldu\u011funda daha \u00e7ok memnundur. Di\u011fer bir deyi\u015fle, \u00e7evre teknik olarak temiz oldu\u011funda, verimlilik ve i\u015f memnuniyeti daha y\u00fcksektir.<\/p>\n<p>Bir temizlik hizmet sa\u011flay\u0131c\u0131s\u0131 olarak, m\u00fc\u015fterimizin \u00e7al\u0131\u015fan memnuniyetine katk\u0131da bulunaca\u011f\u0131m\u0131z\u0131 biliyoruz.<br \/>\nTemizlik i\u015fleminin yaln\u0131zca bir gider olarak de\u011fil, bir \u015firketin ana s\u00fcrecine de\u011fer katan bir hizmet olarak g\u00f6r\u00fclmesi gerekmektedir.[\/vc_column_text]\n\t\t<div class=\"woodmart-list color-scheme- woodmart-text-size-default woodmart-list-type-icon woodmart-list-style-default vc_custom_1623002749964\" id=\"wd-60bd0e05a4e1c\">\n\t\t\t<ul>\n\t\t\t\t\t\t\t\t\t\t\t\t\t\t<li>\n\t\t\t\t\t\t\t\t\t\t\t\t\t<div class=\"list-icon fas fa-tint\"><\/div>\n\t\t\t\t\t\t\t\t\t\t\t\t<span class=\"list-content\">D\u00fczenli Ofis Temizli\u011fi(Tek Seferlik)<\/span>\n\t\t\t\t\t<\/li>\n\t\t\t\t\t\t\t\t\t\t\t\t\t\t<li>\n\t\t\t\t\t\t\t\t\t\t\t\t\t<div class=\"list-icon fas fa-tint\"><\/div>\n\t\t\t\t\t\t\t\t\t\t\t\t<span class=\"list-content\">D\u00fczenli Ofis Temizli\u011fi(Sabit Kadrolu Personel ile)<\/span>\n\t\t\t\t\t<\/li>\n\t\t\t\t\t\t\t\t\t\t\t\t\t\t<li>\n\t\t\t\t\t\t\t\t\t\t\t\t\t<div class=\"list-icon fas fa-tint\"><\/div>\n\t\t\t\t\t\t\t\t\t\t\t\t<span class=\"list-content\">D\u00fczenli Ofis Temizli\u011fi(Haftal\u0131k \/ Ayl\u0131k)<\/span>\n\t\t\t\t\t<\/li>\n\t\t\t\t\t\t\t\t\t\t\t\t\t\t<li>\n\t\t\t\t\t\t\t\t\t\t\t\t\t<div class=\"list-icon fas fa-tint\"><\/div>\n\t\t\t\t\t\t\t\t\t\t\t\t<span class=\"list-content\">D\u00fczenli Ofis Temizli\u011fi(Hafta i\u00e7i ve Hafta sonu)<\/span>\n\t\t\t\t\t<\/li>\n\t\t\t\t\t\t\t<\/ul>\n\t\t\t\t\t<\/div>\n\t\t\n\t\t[\/vc_column_inner][\/vc_row_inner][\/vc_column][vc_column css=&#8221;.vc_custom_1624459919129{padding-top: 25vh !important;padding-bottom: 25vh !important;background-image: url(https:\/\/gokcegrup.com.tr\/wp-content\/uploads\/2021\/06\/Temizlik-OfisTemizlik.jpg?id=2885) !important;background-position: center !important;background-repeat: no-repeat !important;background-size: cover !important;}&#8221; offset=&#8221;vc_col-md-6 vc_col-xs-12&#8243; mobile_bg_img_hidden=&#8221;no&#8221; tablet_bg_img_hidden=&#8221;no&#8221; woodmart_parallax=&#8221;0&#8243; woodmart_sticky_column=&#8221;false&#8221; parallax_scroll=&#8221;no&#8221; mobile_reset_margin=&#8221;no&#8221; tablet_reset_margin=&#8221;no&#8221;][\/vc_column][\/vc_row][vc_row full_width=&#8221;stretch_row_content&#8221; equal_height=&#8221;yes&#8221; content_placement=&#8221;middle&#8221; css=&#8221;.vc_custom_1619624405735{margin-top: 50px !important;margin-bottom: 8vh !important;padding-top: 0px !important;padding-bottom: 0px !important;}&#8221; mobile_bg_img_hidden=&#8221;no&#8221; tablet_bg_img_hidden=&#8221;no&#8221; woodmart_parallax=&#8221;0&#8243; woodmart_gradient_switch=&#8221;no&#8221; row_reverse_mobile=&#8221;0&#8243; row_reverse_tablet=&#8221;0&#8243; woodmart_disable_overflow=&#8221;0&#8243;][vc_column css=&#8221;.vc_custom_1624459934278{padding-top: 25vh !important;padding-bottom: 25vh !important;background-image: url(https:\/\/gokcegrup.com.tr\/wp-content\/uploads\/2021\/06\/Temizlik-DisCepheTemizlik.jpg?id=2881) !important;background-position: center !important;background-repeat: no-repeat !important;background-size: cover !important;}&#8221; offset=&#8221;vc_col-md-6 vc_col-xs-12&#8243; mobile_bg_img_hidden=&#8221;no&#8221; tablet_bg_img_hidden=&#8221;no&#8221; woodmart_parallax=&#8221;0&#8243; woodmart_sticky_column=&#8221;false&#8221; parallax_scroll=&#8221;no&#8221; mobile_reset_margin=&#8221;no&#8221; tablet_reset_margin=&#8221;no&#8221;][\/vc_column][vc_column css=&#8221;.vc_custom_1535116915237{padding-top: 8vh !important;padding-right: 10% !important;padding-bottom: 8vh !important;padding-left: 10% !important;}&#8221; offset=&#8221;vc_col-md-6 vc_col-xs-12&#8243;]\t\t\n\t\t<div id=\"wd-60bd0ed74ca41\" class=\"title-wrapper  woodmart-title-color-default woodmart-title-style-simple woodmart-title-width-100 text-left woodmart-title-size-large \">\n\t\t\t\t\t\t\t<div class=\"title-subtitle  font-default subtitle-style-default woodmart-font-weight-200\">G\u00d6K\u00c7E GRUP<\/div>\n\t\t\t\t\t\t\n\t\t\t<div class=\"liner-continer\">\n\t\t\t\t<span class=\"left-line\"><\/span>\n\t\t\t\t<h4 class=\"woodmart-title-container title  woodmart-font-weight-\" >DI\u015e CEPHE TEM\u0130ZL\u0130\u011e\u0130<\/h4>\t\t\t\t\t\t\t\t<span class=\"right-line\"><\/span>\n\t\t\t<\/div>\n\t\t\t\n\t\t\t\t\t\t\n\t\t\t\t\t<\/div>\n\t\t\n\t\t[vc_row_inner][vc_column_inner][vc_column_text text_larger=&#8221;no&#8221; css=&#8221;.vc_custom_1623004778911{margin-bottom: 15px !important;}&#8221;]Son y\u0131llarda plaza ve i\u015f merkezlerinin \u00e7ok say\u0131da artmas\u0131 sonucu G\u00f6k\u00e7e Grup olarak bir \u00e7ok plazan\u0131n d\u0131\u015f cephe cam temizli\u011fini yapmaktay\u0131z.<br \/>\nBu hizmetler risk oran\u0131 y\u00fcksek olan i\u015fler olmas\u0131 itibar\u0131yla mutlaka profesyonel kadro ve i\u015finde uzman \u015firketler taraf\u0131ndan yap\u0131lmas\u0131 gerekti\u011finin alt\u0131n\u0131 \u00e7izmek isteriz.<\/p>\n<p>D\u0131\u015f cephe temizlik \u015firketleri, aras\u0131ndan yeni i\u015f g\u00fcvenli\u011fi yasas\u0131na uygun sertifikal\u0131 personeller kalite hizmet anlay\u0131\u015f\u0131 ile d\u0131\u015f cephe cam temizlik\u00a0 hizmetinizi g\u00fcvenle alabilece\u011finiz firmam\u0131z sizler i\u00e7in;[\/vc_column_text]\n\t\t<div class=\"woodmart-list color-scheme- woodmart-text-size-default woodmart-list-type-icon woodmart-list-style-default vc_custom_1623004613602\" id=\"wd-60bd15bf6108d\">\n\t\t\t<ul>\n\t\t\t\t\t\t\t\t\t\t\t\t\t\t<li>\n\t\t\t\t\t\t\t\t\t\t\t\t\t<div class=\"list-icon fas fa-tint\"><\/div>\n\t\t\t\t\t\t\t\t\t\t\t\t<span class=\"list-content\">Sepetli d\u0131\u015f cephe temizli\u011fi<\/span>\n\t\t\t\t\t<\/li>\n\t\t\t\t\t\t\t\t\t\t\t\t\t\t<li>\n\t\t\t\t\t\t\t\t\t\t\t\t\t<div class=\"list-icon fas fa-tint\"><\/div>\n\t\t\t\t\t\t\t\t\t\t\t\t<span class=\"list-content\">Asans\u00f6rl\u00fc d\u0131\u015f cephe temizli\u011fi<\/span>\n\t\t\t\t\t<\/li>\n\t\t\t\t\t\t\t\t\t\t\t\t\t\t<li>\n\t\t\t\t\t\t\t\t\t\t\t\t\t<div class=\"list-icon fas fa-tint\"><\/div>\n\t\t\t\t\t\t\t\t\t\t\t\t<span class=\"list-content\">Kule Plaza Residance d\u0131\u015f cephe cam temizli\u011fi<\/span>\n\t\t\t\t\t<\/li>\n\t\t\t\t\t\t\t\t\t\t\t\t\t\t<li>\n\t\t\t\t\t\t\t\t\t\t\t\t\t<div class=\"list-icon fas fa-tint\"><\/div>\n\t\t\t\t\t\t\t\t\t\t\t\t<span class=\"list-content\">End\u00fcstriyel Da\u011fc\u0131 Sistem temizlik sistemleri<\/span>\n\t\t\t\t\t<\/li>\n\t\t\t\t\t\t\t<\/ul>\n\t\t\t\t\t<\/div>\n\t\t\n\t\t[vc_column_text text_larger=&#8221;no&#8221;]Uzmanl\u0131k gerektiren t\u00fcm zor \u00e7al\u0131\u015fmalarda profesyonel kadrolar\u0131 ve uzman y\u00f6netimimizle hizmetinizdeyiz.[\/vc_column_text][\/vc_column_inner][\/vc_row_inner][\/vc_column][\/vc_row][vc_row full_width=&#8221;stretch_row_content&#8221; equal_height=&#8221;yes&#8221; content_placement=&#8221;middle&#8221; css=&#8221;.vc_custom_1619625481067{margin-top: 50px !important;margin-bottom: 8vh !important;padding-top: 0px !important;padding-bottom: 0px !important;}&#8221; mobile_bg_img_hidden=&#8221;no&#8221; tablet_bg_img_hidden=&#8221;no&#8221; woodmart_parallax=&#8221;0&#8243; woodmart_gradient_switch=&#8221;no&#8221; row_reverse_mobile=&#8221;0&#8243; row_reverse_tablet=&#8221;0&#8243; woodmart_disable_overflow=&#8221;0&#8243;][vc_column css=&#8221;.vc_custom_1619625618318{padding-top: 8vh !important;padding-right: 10% !important;padding-bottom: 8vh !important;padding-left: 10% !important;}&#8221; offset=&#8221;vc_col-md-6 vc_col-xs-12&#8243; mobile_bg_img_hidden=&#8221;no&#8221; tablet_bg_img_hidden=&#8221;no&#8221; woodmart_parallax=&#8221;0&#8243; woodmart_sticky_column=&#8221;false&#8221; parallax_scroll=&#8221;no&#8221; mobile_reset_margin=&#8221;no&#8221; tablet_reset_margin=&#8221;no&#8221;]\t\t\n\t\t<div id=\"wd-60bd175626bae\" class=\"title-wrapper  woodmart-title-color-default woodmart-title-style-simple woodmart-title-width-100 text-left woodmart-title-size-large \">\n\t\t\t\t\t\t\t<div class=\"title-subtitle  font-default subtitle-style-default woodmart-font-weight-200\">G\u00d6K\u00c7E GRUP<\/div>\n\t\t\t\t\t\t\n\t\t\t<div class=\"liner-continer\">\n\t\t\t\t<span class=\"left-line\"><\/span>\n\t\t\t\t<h4 class=\"woodmart-title-container title  woodmart-font-weight-\" >END\u00dcSTR\u0130YEL TEM\u0130ZL\u0130K<\/h4>\t\t\t\t\t\t\t\t<span class=\"right-line\"><\/span>\n\t\t\t<\/div>\n\t\t\t\n\t\t\t\t\t\t\n\t\t\t\t\t<\/div>\n\t\t\n\t\t[vc_row_inner][vc_column_inner][vc_column_text text_larger=&#8221;no&#8221;]Fabrika, imalathane ve end\u00fcstriyel alanlar\u0131n genel temizliklerinin bak\u0131m\u0131 gerekli makine ve ekipman ile temizlenip \u00e7al\u0131\u015fma ortam\u0131na haz\u0131rlan\u0131r. \u00c7al\u0131\u015fma ortam\u0131n\u0131n temizli\u011fi i\u015f verimlili\u011fini artt\u0131rd\u0131\u011f\u0131 i\u015f g\u00fcc\u00fc kayb\u0131n\u0131 en aza indirdi\u011fi bilimsel olarak kan\u0131tlanm\u0131\u015f olup bu konularda sizlere en iyi hizmeti sunmay\u0131 hedeflemekteyiz.[\/vc_column_text][\/vc_column_inner][\/vc_row_inner][\/vc_column][vc_column css=&#8221;.vc_custom_1624459963364{padding-top: 25vh !important;padding-bottom: 25vh !important;background-image: url(https:\/\/gokcegrup.com.tr\/wp-content\/uploads\/2021\/06\/Temizlik-EndustriyelTemizlik.jpg?id=2882) !important;background-position: center !important;background-repeat: no-repeat !important;background-size: cover !important;}&#8221; offset=&#8221;vc_col-md-6 vc_col-xs-12&#8243; mobile_bg_img_hidden=&#8221;no&#8221; tablet_bg_img_hidden=&#8221;no&#8221; woodmart_parallax=&#8221;0&#8243; woodmart_sticky_column=&#8221;false&#8221; parallax_scroll=&#8221;no&#8221; mobile_reset_margin=&#8221;no&#8221; tablet_reset_margin=&#8221;no&#8221;][\/vc_column][\/vc_row][vc_row full_width=&#8221;stretch_row_content&#8221; equal_height=&#8221;yes&#8221; content_placement=&#8221;middle&#8221; css=&#8221;.vc_custom_1619624405735{margin-top: 50px !important;margin-bottom: 8vh !important;padding-top: 0px !important;padding-bottom: 0px !important;}&#8221; mobile_bg_img_hidden=&#8221;no&#8221; tablet_bg_img_hidden=&#8221;no&#8221; woodmart_parallax=&#8221;0&#8243; woodmart_gradient_switch=&#8221;no&#8221; row_reverse_mobile=&#8221;0&#8243; row_reverse_tablet=&#8221;0&#8243; woodmart_disable_overflow=&#8221;0&#8243;][vc_column css=&#8221;.vc_custom_1624459980265{padding-top: 25vh !important;padding-bottom: 25vh !important;background-image: url(https:\/\/gokcegrup.com.tr\/wp-content\/uploads\/2021\/06\/Temizlik-HaliYikamaTemizlik.jpg?id=2884) !important;background-position: center !important;background-repeat: no-repeat !important;background-size: cover !important;}&#8221; offset=&#8221;vc_col-md-6 vc_col-xs-12&#8243; mobile_bg_img_hidden=&#8221;no&#8221; tablet_bg_img_hidden=&#8221;no&#8221; woodmart_parallax=&#8221;0&#8243; woodmart_sticky_column=&#8221;false&#8221; parallax_scroll=&#8221;no&#8221; mobile_reset_margin=&#8221;no&#8221; tablet_reset_margin=&#8221;no&#8221;][\/vc_column][vc_column css=&#8221;.vc_custom_1535116915237{padding-top: 8vh !important;padding-right: 10% !important;padding-bottom: 8vh !important;padding-left: 10% !important;}&#8221; offset=&#8221;vc_col-md-6 vc_col-xs-12&#8243;]\t\t\n\t\t<div id=\"wd-60bd18f28921d\" class=\"title-wrapper  woodmart-title-color-default woodmart-title-style-simple woodmart-title-width-100 text-left woodmart-title-size-large \">\n\t\t\t\t\t\t\t<div class=\"title-subtitle  font-default subtitle-style-default woodmart-font-weight-200\">G\u00d6K\u00c7E GRUP<\/div>\n\t\t\t\t\t\t\n\t\t\t<div class=\"liner-continer\">\n\t\t\t\t<span class=\"left-line\"><\/span>\n\t\t\t\t<h4 class=\"woodmart-title-container title  woodmart-font-weight-\" >C\u0130LALAMA H\u0130ZMETLER\u0130 VE HALI YIKAMA<\/h4>\t\t\t\t\t\t\t\t<span class=\"right-line\"><\/span>\n\t\t\t<\/div>\n\t\t\t\n\t\t\t\t\t\t\n\t\t\t\t\t<\/div>\n\t\t\n\t\t[vc_row_inner][vc_column_inner][vc_column_text text_larger=&#8221;no&#8221; css=&#8221;.vc_custom_1623005846207{margin-bottom: 15px !important;}&#8221;]Zeminler zamanla a\u015f\u0131nmaktad\u0131rlar, temizlik s\u00fcrekli uygulansa bile kullan\u0131m yo\u011funlu\u011fu ve kirlerin zeminle etkile\u015fimi ile bozulmalar ger\u00e7ekle\u015fecektir. Zeminlerin dayan\u0131kl\u0131l\u0131\u011f\u0131n\u0131 artt\u0131r\u0131c\u0131 ve g\u00f6r\u00fcn\u00fcm\u00fcn\u00fc g\u00fczelle\u015ftirici uygulamalar\u0131m\u0131z\u0131 zeminin cinsine g\u00f6re polimer ya da kristalize uygulamalar ile sa\u011flanmaktay\u0131z. Duvardan duvara kapl\u0131 hal\u0131lar\u0131n\u0131 s\u00f6k\u00fclmeden yerinde temizlenir. Kirlilik durumuna g\u00f6re gerekti\u011finde f\u0131r\u00e7alama y\u00f6ntemi uygulan\u0131r. Olu\u015fmu\u015f lekelerin \u00e7\u00f6z\u00fclmesi i\u00e7in \u00f6zel leke \u00e7\u00f6z\u00fcc\u00fc kimyasallar kullan\u0131l\u0131r.<\/p>\n<p>Hal\u0131 alt\u0131nda elektrik ve data kablolar\u0131 mevcut olan alanlarda \u00f6zel kimyasallar ile f\u0131r\u00e7alanmas\u0131 ile kuru hal\u0131 y\u0131kamas\u0131 yap\u0131l\u0131r.[\/vc_column_text]\n\t\t<div class=\"woodmart-list color-scheme- woodmart-text-size-default woodmart-list-type-icon woodmart-list-style-default vc_custom_1623004613602\" id=\"wd-60bd15bf6108d\">\n\t\t\t<ul>\n\t\t\t\t\t\t\t\t\t\t\t\t\t\t<li>\n\t\t\t\t\t\t\t\t\t\t\t\t\t<div class=\"list-icon fas fa-tint\"><\/div>\n\t\t\t\t\t\t\t\t\t\t\t\t<span class=\"list-content\">Sepetli d\u0131\u015f cephe temizli\u011fi<\/span>\n\t\t\t\t\t<\/li>\n\t\t\t\t\t\t\t\t\t\t\t\t\t\t<li>\n\t\t\t\t\t\t\t\t\t\t\t\t\t<div class=\"list-icon fas fa-tint\"><\/div>\n\t\t\t\t\t\t\t\t\t\t\t\t<span class=\"list-content\">Asans\u00f6rl\u00fc d\u0131\u015f cephe temizli\u011fi<\/span>\n\t\t\t\t\t<\/li>\n\t\t\t\t\t\t\t\t\t\t\t\t\t\t<li>\n\t\t\t\t\t\t\t\t\t\t\t\t\t<div class=\"list-icon fas fa-tint\"><\/div>\n\t\t\t\t\t\t\t\t\t\t\t\t<span class=\"list-content\">Kule Plaza Residance d\u0131\u015f cephe cam temizli\u011fi<\/span>\n\t\t\t\t\t<\/li>\n\t\t\t\t\t\t\t\t\t\t\t\t\t\t<li>\n\t\t\t\t\t\t\t\t\t\t\t\t\t<div class=\"list-icon fas fa-tint\"><\/div>\n\t\t\t\t\t\t\t\t\t\t\t\t<span class=\"list-content\">End\u00fcstriyel Da\u011fc\u0131 Sistem temizlik sistemleri<\/span>\n\t\t\t\t\t<\/li>\n\t\t\t\t\t\t\t<\/ul>\n\t\t\t\t\t<\/div>\n\t\t\n\t\t[vc_column_text text_larger=&#8221;no&#8221;]Uzmanl\u0131k gerektiren t\u00fcm zor \u00e7al\u0131\u015fmalarda profesyonel kadrolar\u0131 ve uzman y\u00f6netimimizle hizmetinizdeyiz.[\/vc_column_text][\/vc_column_inner][\/vc_row_inner][\/vc_column][\/vc_row]<\/p>\n","protected":false},"excerpt":{"rendered":"<p>[vc_row full_width=&#8221;stretch_row_content&#8221; equal_height=&#8221;yes&#8221; content_placement=&#8221;middle&#8221; css=&#8221;.vc_custom_1619624405735{margin-top: 50px !important;margin-bottom: 8vh !important;padding-top: 0px !important;padding-bottom: 0px !important;}&#8221; mobile_bg_img_hidden=&#8221;no&#8221; tablet_bg_img_hidden=&#8221;no&#8221; woodmart_parallax=&#8221;0&#8243; woodmart_gradient_switch=&#8221;no&#8221; row_reverse_mobile=&#8221;0&#8243; row_reverse_tablet=&#8221;0&#8243; woodmart_disable_overflow=&#8221;0&#8243;][vc_column<\/p>\n","protected":false},"author":1,"featured_media":0,"parent":0,"menu_order":0,"comment_status":"closed","ping_status":"closed","template":"","meta":{"footnotes":""},"class_list":["post-2499","page","type-page","status-publish","hentry"],"_links":{"self":[{"href":"https:\/\/gokcegrup.com.tr\/index.php?rest_route=\/wp\/v2\/pages\/2499","targetHints":{"allow":["GET"]}}],"collection":[{"href":"https:\/\/gokcegrup.com.tr\/index.php?rest_route=\/wp\/v2\/pages"}],"about":[{"href":"https:\/\/gokcegrup.com.tr\/index.php?rest_route=\/wp\/v2\/types\/page"}],"author":[{"embeddable":true,"href":"https:\/\/gokcegrup.com.tr\/index.php?rest_route=\/wp\/v2\/users\/1"}],"replies":[{"embeddable":true,"href":"https:\/\/gokcegrup.com.tr\/index.php?rest_route=%2Fwp%2Fv2%2Fcomments&post=2499"}],"version-history":[{"count":25,"href":"https:\/\/gokcegrup.com.tr\/index.php?rest_route=\/wp\/v2\/pages\/2499\/revisions"}],"predecessor-version":[{"id":2887,"href":"https:\/\/gokcegrup.com.tr\/index.php?rest_route=\/wp\/v2\/pages\/2499\/revisions\/2887"}],"wp:attachment":[{"href":"https:\/\/gokcegrup.com.tr\/index.php?rest_route=%2Fwp%2Fv2%2Fmedia&parent=2499"}],"curies":[{"name":"wp","href":"https:\/\/api.w.org\/{rel}","templated":true}]}}