{"id":2703,"date":"2021-05-13T16:20:31","date_gmt":"2021-05-13T13:20:31","guid":{"rendered":"https:\/\/gokcegrup.com.tr\/?page_id=2703"},"modified":"2021-05-13T16:21:42","modified_gmt":"2021-05-13T13:21:42","slug":"is-basvurusu","status":"publish","type":"page","link":"https:\/\/gokcegrup.com.tr\/?page_id=2703","title":{"rendered":"\u0130\u015f Ba\u015fvurusu"},"content":{"rendered":"<p>[vc_row][vc_column]\n<div class=\"wpcf7 no-js\" id=\"wpcf7-f2704-o1\" lang=\"tr-TR\" dir=\"ltr\" data-wpcf7-id=\"2704\">\n<div class=\"screen-reader-response\"><p role=\"status\" aria-live=\"polite\" aria-atomic=\"true\"><\/p> <ul><\/ul><\/div>\n<form action=\"\/index.php?rest_route=%2Fwp%2Fv2%2Fpages%2F2703#wpcf7-f2704-o1\" method=\"post\" class=\"wpcf7-form init\" aria-label=\"\u0130leti\u015fim Formu\" novalidate=\"novalidate\" data-status=\"init\">\n<fieldset class=\"hidden-fields-container\"><input type=\"hidden\" name=\"_wpcf7\" value=\"2704\" \/><input type=\"hidden\" name=\"_wpcf7_version\" value=\"6.1.5\" \/><input type=\"hidden\" name=\"_wpcf7_locale\" value=\"tr_TR\" \/><input type=\"hidden\" name=\"_wpcf7_unit_tag\" value=\"wpcf7-f2704-o1\" \/><input type=\"hidden\" name=\"_wpcf7_container_post\" value=\"0\" \/><input type=\"hidden\" name=\"_wpcf7_posted_data_hash\" value=\"\" \/>\n<\/fieldset>\n<div class=\"row\">\n\t<div class=\"col-md-6\" style='margin-bottom:20px;'>\n\t\t<p><label>Ad\u0131n\u0131z Soyad\u0131n\u0131z<\/label><span class=\"wpcf7-form-control-wrap\" data-name=\"your-name\"><input size=\"40\" maxlength=\"400\" class=\"wpcf7-form-control wpcf7-text wpcf7-validates-as-required\" aria-required=\"true\" aria-invalid=\"false\" value=\"\" type=\"text\" name=\"your-name\" \/><\/span>\n\t\t<\/p>\n\t<\/div>\n\t<div class=\"col-md-6\" style='margin-bottom:20px;'>\n\t\t<p><label>Ba\u015fvurulan Pozisyon<\/label><span class=\"wpcf7-form-control-wrap\" data-name=\"your-position\"><input size=\"40\" maxlength=\"400\" class=\"wpcf7-form-control wpcf7-text wpcf7-validates-as-required\" aria-required=\"true\" aria-invalid=\"false\" value=\"\" type=\"text\" name=\"your-position\" \/><\/span>\n\t\t<\/p>\n\t<\/div>\n\t<div class=\"col-md-4\" style='margin-bottom:20px;'>\n\t\t<p><label>Do\u011fum Tarihiniz<\/label><span class=\"wpcf7-form-control-wrap\" data-name=\"datetime\"><input class=\"wpcf7-form-control wpcf7-date wpcf7-validates-as-required wpcf7-validates-as-date\" min=\"1960-01-01\" max=\"2000-12-31\" aria-required=\"true\" aria-invalid=\"false\" value=\"\" type=\"date\" name=\"datetime\" \/><\/span>\n\t\t<\/p>\n\t<\/div>\n\t<div class=\"col-md-4\" style='margin-bottom:20px;'>\n\t\t<p><label>Do\u011fum Yeriniz<\/label><span class=\"wpcf7-form-control-wrap\" data-name=\"your-date-place\"><input size=\"40\" maxlength=\"400\" class=\"wpcf7-form-control wpcf7-text wpcf7-validates-as-required\" aria-required=\"true\" aria-invalid=\"false\" value=\"\" type=\"text\" name=\"your-date-place\" \/><\/span>\n\t\t<\/p>\n\t<\/div>\n\t<div class=\"col-md-4\" style='margin-bottom:20px;'>\n\t\t<p><label>Uyru\u011funuz<\/label><span class=\"wpcf7-form-control-wrap\" data-name=\"uyruk\"><input size=\"40\" maxlength=\"400\" class=\"wpcf7-form-control wpcf7-text wpcf7-validates-as-required\" aria-required=\"true\" aria-invalid=\"false\" value=\"\" type=\"text\" name=\"uyruk\" \/><\/span>\n\t\t<\/p>\n\t<\/div>\n\t<div class=\"col-md-4\" style='margin-bottom:20px;'>\n\t\t<p><label>Cinsiyetiniz<\/label><span class=\"wpcf7-form-control-wrap\" data-name=\"cinsiyet\"><select class=\"wpcf7-form-control wpcf7-select wpcf7-validates-as-required\" aria-required=\"true\" aria-invalid=\"false\" name=\"cinsiyet\"><option value=\"\">&#8212;L\u00fctfen bir se\u00e7enek se\u00e7in&#8212;<\/option><option value=\"Kad\u0131n\">Kad\u0131n<\/option><option value=\"Erkek\">Erkek<\/option><\/select><\/span>\n\t\t<\/p>\n\t<\/div>\n\t<div class=\"col-md-4\" style='margin-bottom:20px;'>\n\t\t<p><label>Askerlik Durumunuz<\/label><span class=\"wpcf7-form-control-wrap\" data-name=\"askerlik\"><select class=\"wpcf7-form-control wpcf7-select wpcf7-validates-as-required\" aria-required=\"true\" aria-invalid=\"false\" name=\"askerlik\"><option value=\"\">&#8212;L\u00fctfen bir se\u00e7enek se\u00e7in&#8212;<\/option><option value=\"Muaf\">Muaf<\/option><option value=\"Tecilli\">Tecilli<\/option><option value=\"Yap\u0131ld\u0131\">Yap\u0131ld\u0131<\/option><option value=\"Yap\u0131lmad\u0131\">Yap\u0131lmad\u0131<\/option><\/select><\/span>\n\t\t<\/p>\n\t<\/div>\n\t<div class=\"col-md-4\" style='margin-bottom:20px;'>\n\t\t<p><label>Medeni Durumunuz<\/label><span class=\"wpcf7-form-control-wrap\" data-name=\"medeni\"><select class=\"wpcf7-form-control wpcf7-select\" aria-invalid=\"false\" name=\"medeni\"><option value=\"\">&#8212;L\u00fctfen bir se\u00e7enek se\u00e7in&#8212;<\/option><option value=\"Bekar\">Bekar<\/option><option value=\"Evli\">Evli<\/option><\/select><\/span>\n\t\t<\/p>\n\t<\/div>\n\t<div class=\"col-md-4\" style='margin-bottom:20px;'>\n\t\t<p><label>Eposta Adresiniz<\/label><span class=\"wpcf7-form-control-wrap\" data-name=\"your-email\"><input size=\"40\" maxlength=\"400\" class=\"wpcf7-form-control wpcf7-email wpcf7-validates-as-required wpcf7-text wpcf7-validates-as-email\" aria-required=\"true\" aria-invalid=\"false\" value=\"\" type=\"email\" name=\"your-email\" \/><\/span>\n\t\t<\/p>\n\t<\/div>\n\t<div class=\"col-md-4\" style='margin-bottom:20px;'>\n\t\t<p><label>Cep Telefonu<\/label><span class=\"wpcf7-form-control-wrap\" data-name=\"cep-tel\"><input size=\"40\" maxlength=\"400\" class=\"wpcf7-form-control wpcf7-tel wpcf7-validates-as-required wpcf7-text wpcf7-validates-as-tel\" aria-required=\"true\" aria-invalid=\"false\" value=\"\" type=\"tel\" name=\"cep-tel\" \/><\/span>\n\t\t<\/p>\n\t<\/div>\n\t<div class=\"col-md-4\" style='margin-bottom:20px;'>\n\t\t<p><label>Sabit Telefon<\/label><span class=\"wpcf7-form-control-wrap\" data-name=\"sabit-tel\"><input size=\"40\" maxlength=\"400\" class=\"wpcf7-form-control wpcf7-tel wpcf7-text wpcf7-validates-as-tel\" aria-invalid=\"false\" value=\"\" type=\"tel\" name=\"sabit-tel\" \/><\/span>\n\t\t<\/p>\n\t<\/div>\n<\/div>\n<div class=\"row\">\n\t<div class=\"col-12\">\n\t\t<p>E\u011fitim Durumunuz\n\t\t<\/p>\n\t<\/div>\n\t<div class=\"col-md-4\" style='margin-bottom:20px;'>\n\t\t<p><label>\u0130lk \u00d6\u011fretim<\/label><span class=\"wpcf7-form-control-wrap\" data-name=\"ilk-o\"><input size=\"40\" maxlength=\"400\" class=\"wpcf7-form-control wpcf7-text\" aria-invalid=\"false\" value=\"\" type=\"text\" name=\"ilk-o\" \/><\/span>\n\t\t<\/p>\n\t<\/div>\n\t<div class=\"col-md-4\" style='margin-bottom:20px;'>\n\t\t<p><label>Lise (B\u00f6l\u00fcm ile Beraber)<\/label><span class=\"wpcf7-form-control-wrap\" data-name=\"lise\"><input size=\"40\" maxlength=\"400\" class=\"wpcf7-form-control wpcf7-text\" aria-invalid=\"false\" value=\"\" type=\"text\" name=\"lise\" \/><\/span>\n\t\t<\/p>\n\t<\/div>\n\t<div class=\"col-md-4\" style='margin-bottom:20px;'>\n\t\t<p><label>\u00dcniversite (B\u00f6l\u00fcm ile Beraber)<\/label><span class=\"wpcf7-form-control-wrap\" data-name=\"universite\"><input size=\"40\" maxlength=\"400\" class=\"wpcf7-form-control wpcf7-text\" aria-invalid=\"false\" value=\"\" type=\"text\" name=\"universite\" \/><\/span>\n\t\t<\/p>\n\t<\/div>\n\t<div class=\"col-12\" style='margin-bottom:20px;'>\n\t\t<p><label>Bildi\u011finiz Yabanc\u0131 Diller<\/label><span class=\"wpcf7-form-control-wrap\" data-name=\"yabanci-dil\"><span class=\"wpcf7-form-control wpcf7-checkbox\"><span class=\"wpcf7-list-item first\"><label><input type=\"checkbox\" name=\"yabanci-dil[]\" value=\"\u0130ngilizce\" \/><span class=\"wpcf7-list-item-label\">\u0130ngilizce<\/span><\/label><\/span><span class=\"wpcf7-list-item\"><label><input type=\"checkbox\" name=\"yabanci-dil[]\" value=\"Frans\u0131zca\" \/><span class=\"wpcf7-list-item-label\">Frans\u0131zca<\/span><\/label><\/span><span class=\"wpcf7-list-item\"><label><input type=\"checkbox\" name=\"yabanci-dil[]\" value=\"Almanca\" \/><span class=\"wpcf7-list-item-label\">Almanca<\/span><\/label><\/span><span class=\"wpcf7-list-item\"><label><input type=\"checkbox\" name=\"yabanci-dil[]\" value=\"Rus\u00e7a\" \/><span class=\"wpcf7-list-item-label\">Rus\u00e7a<\/span><\/label><\/span><span class=\"wpcf7-list-item\"><label><input type=\"checkbox\" name=\"yabanci-dil[]\" value=\"Arap\u00e7a\" \/><span class=\"wpcf7-list-item-label\">Arap\u00e7a<\/span><\/label><\/span><span class=\"wpcf7-list-item last\"><label><input type=\"checkbox\" name=\"yabanci-dil[]\" value=\"Fars\u00e7a\" \/><span class=\"wpcf7-list-item-label\">Fars\u00e7a<\/span><\/label><\/span><\/span><\/span>\n\t\t<\/p>\n\t<\/div>\n\t<div class=\"col-12\" style='margin-bottom:20px;'>\n\t\t<p><label>Bildi\u011finiz Bilgisayar Program\u0131 ve Uygulamalar\u0131<\/label><span class=\"wpcf7-form-control-wrap\" data-name=\"program\"><input size=\"40\" maxlength=\"400\" class=\"wpcf7-form-control wpcf7-text\" aria-invalid=\"false\" value=\"\" type=\"text\" name=\"program\" \/><\/span>\n\t\t<\/p>\n\t<\/div>\n\t<div class=\"col-12\" style='margin-bottom:20px;'>\n\t\t<p><label>\u00c7al\u0131\u015ft\u0131\u011f\u0131n\u0131z son 3 Kurum ya da Kurulu\u015fu belirtiniz. Ayr\u0131l\u0131\u015f Nedenleriniz ve G\u00f6revleriniz ile Beraber<\/label>\n\t\t<\/p>\n\t\t<div class=\"row\">\n\t\t\t<div class=\"col-md-4\">\n\t\t\t\t<div>\n\t\t\t\t\t<p>Firma Ad\u0131\n\t\t\t\t\t<\/p>\n\t\t\t\t<\/div>\n\t\t\t\t<div style='margin-bottom:20px;'>\n\t\t\t\t\t<p><span class=\"wpcf7-form-control-wrap\" data-name=\"firma-adi-1\"><input size=\"40\" maxlength=\"400\" class=\"wpcf7-form-control wpcf7-text\" aria-invalid=\"false\" value=\"\" type=\"text\" name=\"firma-adi-1\" \/><\/span>\n\t\t\t\t\t<\/p>\n\t\t\t\t<\/div>\n\t\t\t\t<div style='margin-bottom:20px;'>\n\t\t\t\t\t<p><span class=\"wpcf7-form-control-wrap\" data-name=\"firma-adi-2\"><input size=\"40\" maxlength=\"400\" class=\"wpcf7-form-control wpcf7-text\" aria-invalid=\"false\" value=\"\" type=\"text\" name=\"firma-adi-2\" \/><\/span>\n\t\t\t\t\t<\/p>\n\t\t\t\t<\/div>\n\t\t\t\t<div style='margin-bottom:20px;'>\n\t\t\t\t\t<p><span class=\"wpcf7-form-control-wrap\" data-name=\"firma-adi-3\"><input size=\"40\" maxlength=\"400\" class=\"wpcf7-form-control wpcf7-text\" aria-invalid=\"false\" value=\"\" type=\"text\" name=\"firma-adi-3\" \/><\/span>\n\t\t\t\t\t<\/p>\n\t\t\t\t<\/div>\n\t\t\t<\/div>\n\t\t\t<div class=\"col-md-4\">\n\t\t\t\t<div>\n\t\t\t\t\t<p>G\u00f6reviniz\n\t\t\t\t\t<\/p>\n\t\t\t\t<\/div>\n\t\t\t\t<div style='margin-bottom:20px;'>\n\t\t\t\t\t<p><span class=\"wpcf7-form-control-wrap\" data-name=\"gorev-1\"><input size=\"40\" maxlength=\"400\" class=\"wpcf7-form-control wpcf7-text\" aria-invalid=\"false\" value=\"\" type=\"text\" name=\"gorev-1\" \/><\/span>\n\t\t\t\t\t<\/p>\n\t\t\t\t<\/div>\n\t\t\t\t<div style='margin-bottom:20px;'>\n\t\t\t\t\t<p><span class=\"wpcf7-form-control-wrap\" data-name=\"gorev-2\"><input size=\"40\" maxlength=\"400\" class=\"wpcf7-form-control wpcf7-text\" aria-invalid=\"false\" value=\"\" type=\"text\" name=\"gorev-2\" \/><\/span>\n\t\t\t\t\t<\/p>\n\t\t\t\t<\/div>\n\t\t\t\t<div style='margin-bottom:20px;'>\n\t\t\t\t\t<p><span class=\"wpcf7-form-control-wrap\" data-name=\"gorev-3\"><input size=\"40\" maxlength=\"400\" class=\"wpcf7-form-control wpcf7-text\" aria-invalid=\"false\" value=\"\" type=\"text\" name=\"gorev-3\" \/><\/span>\n\t\t\t\t\t<\/p>\n\t\t\t\t<\/div>\n\t\t\t<\/div>\n\t\t\t<div class=\"col-md-4\">\n\t\t\t\t<div>\n\t\t\t\t\t<p>Ayr\u0131l\u0131\u015f Nedeni\n\t\t\t\t\t<\/p>\n\t\t\t\t<\/div>\n\t\t\t\t<div style='margin-bottom:20px;'>\n\t\t\t\t\t<p><span class=\"wpcf7-form-control-wrap\" data-name=\"ayrilis-1\"><input size=\"40\" maxlength=\"400\" class=\"wpcf7-form-control wpcf7-text\" aria-invalid=\"false\" value=\"\" type=\"text\" name=\"ayrilis-1\" \/><\/span>\n\t\t\t\t\t<\/p>\n\t\t\t\t<\/div>\n\t\t\t\t<div style='margin-bottom:20px;'>\n\t\t\t\t\t<p><span class=\"wpcf7-form-control-wrap\" data-name=\"ayrilis-2\"><input size=\"40\" maxlength=\"400\" class=\"wpcf7-form-control wpcf7-text\" aria-invalid=\"false\" value=\"\" type=\"text\" name=\"ayrilis-2\" \/><\/span>\n\t\t\t\t\t<\/p>\n\t\t\t\t<\/div>\n\t\t\t\t<div style='margin-bottom:20px;'>\n\t\t\t\t\t<p><span class=\"wpcf7-form-control-wrap\" data-name=\"ayrilis-3\"><input size=\"40\" maxlength=\"400\" class=\"wpcf7-form-control wpcf7-text\" aria-invalid=\"false\" value=\"\" type=\"text\" name=\"ayrilis-3\" \/><\/span>\n\t\t\t\t\t<\/p>\n\t\t\t\t<\/div>\n\t\t\t<\/div>\n\t\t<\/div>\n\t<\/div>\n\t<div class=\"col-md-6\" style='margin-bottom:20px;'>\n\t\t<p><label>\u00c7al\u0131\u015fmakta oldu\u011funuz i\u015fyerinin ad\u0131, adresi ve telefonu?<\/label><span class=\"wpcf7-form-control-wrap\" data-name=\"tecrube\"><textarea cols=\"40\" rows=\"10\" maxlength=\"2000\" class=\"wpcf7-form-control wpcf7-textarea\" aria-invalid=\"false\" name=\"tecrube\"><\/textarea><\/span>\n\t\t<\/p>\n\t<\/div>\n\t<div class=\"col-12\" style='margin-bottom:20px;'>\n\t\t<p><label>Referanslar\u0131n\u0131z?<br \/>\nHakk\u0131n\u0131zda bilgi verebilecek akrabalar\u0131n\u0131z d\u0131\u015f\u0131ndaki 3 ki\u015finin ad\u0131n\u0131z yaz\u0131n\u0131z?<\/label>\n\t\t<\/p>\n\t\t<div class=\"row\">\n\t\t\t<div class=\"col-md-4\">\n\t\t\t\t<div>\n\t\t\t\t\t<p>Ad\u0131 Soyad\u0131\n\t\t\t\t\t<\/p>\n\t\t\t\t<\/div>\n\t\t\t\t<div style='margin-bottom:20px;'>\n\t\t\t\t\t<p><span class=\"wpcf7-form-control-wrap\" data-name=\"ref-adi-1\"><input size=\"40\" maxlength=\"400\" class=\"wpcf7-form-control wpcf7-text\" aria-invalid=\"false\" value=\"\" type=\"text\" name=\"ref-adi-1\" \/><\/span>\n\t\t\t\t\t<\/p>\n\t\t\t\t<\/div>\n\t\t\t\t<div style='margin-bottom:20px;'>\n\t\t\t\t\t<p><span class=\"wpcf7-form-control-wrap\" data-name=\"ref-adi-2\"><input size=\"40\" maxlength=\"400\" class=\"wpcf7-form-control wpcf7-text\" aria-invalid=\"false\" value=\"\" type=\"text\" name=\"ref-adi-2\" \/><\/span>\n\t\t\t\t\t<\/p>\n\t\t\t\t<\/div>\n\t\t\t\t<div style='margin-bottom:20px;'>\n\t\t\t\t\t<p><span class=\"wpcf7-form-control-wrap\" data-name=\"ref-adi-3\"><input size=\"40\" maxlength=\"400\" class=\"wpcf7-form-control wpcf7-text\" aria-invalid=\"false\" value=\"\" type=\"text\" name=\"ref-adi-3\" \/><\/span>\n\t\t\t\t\t<\/p>\n\t\t\t\t<\/div>\n\t\t\t<\/div>\n\t\t\t<div class=\"col-md-4\">\n\t\t\t\t<div>\n\t\t\t\t\t<p>\u0130\u015fyeri \u00dcnvan\u0131 ve G\u00f6revi\n\t\t\t\t\t<\/p>\n\t\t\t\t<\/div>\n\t\t\t\t<div style='margin-bottom:20px;'>\n\t\t\t\t\t<p><span class=\"wpcf7-form-control-wrap\" data-name=\"ref-unvan-1\"><input size=\"40\" maxlength=\"400\" class=\"wpcf7-form-control wpcf7-text\" aria-invalid=\"false\" value=\"\" type=\"text\" name=\"ref-unvan-1\" \/><\/span>\n\t\t\t\t\t<\/p>\n\t\t\t\t<\/div>\n\t\t\t\t<div style='margin-bottom:20px;'>\n\t\t\t\t\t<p><span class=\"wpcf7-form-control-wrap\" data-name=\"ref-unvan-2\"><input size=\"40\" maxlength=\"400\" class=\"wpcf7-form-control wpcf7-text\" aria-invalid=\"false\" value=\"\" type=\"text\" name=\"ref-unvan-2\" \/><\/span>\n\t\t\t\t\t<\/p>\n\t\t\t\t<\/div>\n\t\t\t\t<div style='margin-bottom:20px;'>\n\t\t\t\t\t<p><span class=\"wpcf7-form-control-wrap\" data-name=\"ref-unvan-3\"><input size=\"40\" maxlength=\"400\" class=\"wpcf7-form-control wpcf7-text\" aria-invalid=\"false\" value=\"\" type=\"text\" name=\"ref-unvan-3\" \/><\/span>\n\t\t\t\t\t<\/p>\n\t\t\t\t<\/div>\n\t\t\t<\/div>\n\t\t\t<div class=\"col-md-4\">\n\t\t\t\t<div>\n\t\t\t\t\t<p>Telefon Numaras\u0131\n\t\t\t\t\t<\/p>\n\t\t\t\t<\/div>\n\t\t\t\t<div style='margin-bottom:20px;'>\n\t\t\t\t\t<p><span class=\"wpcf7-form-control-wrap\" data-name=\"ref-tel-1\"><input size=\"40\" maxlength=\"400\" class=\"wpcf7-form-control wpcf7-text\" aria-invalid=\"false\" value=\"\" type=\"text\" name=\"ref-tel-1\" \/><\/span>\n\t\t\t\t\t<\/p>\n\t\t\t\t<\/div>\n\t\t\t\t<div style='margin-bottom:20px;'>\n\t\t\t\t\t<p><span class=\"wpcf7-form-control-wrap\" data-name=\"ref-tel-2\"><input size=\"40\" maxlength=\"400\" class=\"wpcf7-form-control wpcf7-text\" aria-invalid=\"false\" value=\"\" type=\"text\" name=\"ref-tel-2\" \/><\/span>\n\t\t\t\t\t<\/p>\n\t\t\t\t<\/div>\n\t\t\t\t<div style='margin-bottom:20px;'>\n\t\t\t\t\t<p><span class=\"wpcf7-form-control-wrap\" data-name=\"ref-tel-3\"><input size=\"40\" maxlength=\"400\" class=\"wpcf7-form-control wpcf7-text\" aria-invalid=\"false\" value=\"\" type=\"text\" name=\"ref-tel-3\" \/><\/span>\n\t\t\t\t\t<\/p>\n\t\t\t\t<\/div>\n\t\t\t<\/div>\n\t\t<\/div>\n\t<\/div>\n\t<div class=\"col-md-7\" style='margin-bottom:20px;'>\n\t\t<p><label>Sa\u011fl\u0131k Durumunuz<br \/>\nGe\u00e7irdi\u011finiz \u00f6nemli bir hastal\u0131k ya da ameliyat varsa belirtiniz?<\/label><span class=\"wpcf7-form-control-wrap\" data-name=\"saglik\"><input size=\"40\" maxlength=\"400\" class=\"wpcf7-form-control wpcf7-text\" aria-invalid=\"false\" value=\"\" type=\"text\" name=\"saglik\" \/><\/span>\n\t\t<\/p>\n\t<\/div>\n\t<div class=\"col-12\" style='margin-bottom:20px;'>\n\t\t<p><label>Belirtmek istedi\u011finiz di\u011fer hususlar?<\/label><span class=\"wpcf7-form-control-wrap\" data-name=\"diger\"><textarea cols=\"40\" rows=\"10\" maxlength=\"2000\" class=\"wpcf7-form-control wpcf7-textarea\" aria-invalid=\"false\" name=\"diger\"><\/textarea><\/span>\n\t\t<\/p>\n\t<\/div>\n<\/div>\n<p><input class=\"wpcf7-form-control wpcf7-submit has-spinner btn-color-black\" type=\"submit\" value=\"G\u00d6NDER\" \/>\n<\/p><div class=\"wpcf7-response-output\" aria-hidden=\"true\"><\/div>\n<\/form>\n<\/div>\n[\/vc_column][\/vc_row]<\/p>\n","protected":false},"excerpt":{"rendered":"<p>[vc_row][vc_column][\/vc_column][\/vc_row]<\/p>\n","protected":false},"author":1,"featured_media":0,"parent":0,"menu_order":0,"comment_status":"closed","ping_status":"closed","template":"","meta":{"footnotes":""},"class_list":["post-2703","page","type-page","status-publish","hentry"],"_links":{"self":[{"href":"https:\/\/gokcegrup.com.tr\/index.php?rest_route=\/wp\/v2\/pages\/2703","targetHints":{"allow":["GET"]}}],"collection":[{"href":"https:\/\/gokcegrup.com.tr\/index.php?rest_route=\/wp\/v2\/pages"}],"about":[{"href":"https:\/\/gokcegrup.com.tr\/index.php?rest_route=\/wp\/v2\/types\/page"}],"author":[{"embeddable":true,"href":"https:\/\/gokcegrup.com.tr\/index.php?rest_route=\/wp\/v2\/users\/1"}],"replies":[{"embeddable":true,"href":"https:\/\/gokcegrup.com.tr\/index.php?rest_route=%2Fwp%2Fv2%2Fcomments&post=2703"}],"version-history":[{"count":3,"href":"https:\/\/gokcegrup.com.tr\/index.php?rest_route=\/wp\/v2\/pages\/2703\/revisions"}],"predecessor-version":[{"id":2707,"href":"https:\/\/gokcegrup.com.tr\/index.php?rest_route=\/wp\/v2\/pages\/2703\/revisions\/2707"}],"wp:attachment":[{"href":"https:\/\/gokcegrup.com.tr\/index.php?rest_route=%2Fwp%2Fv2%2Fmedia&parent=2703"}],"curies":[{"name":"wp","href":"https:\/\/api.w.org\/{rel}","templated":true}]}}