{"id":2778,"date":"2021-06-07T20:41:19","date_gmt":"2021-06-07T17:41:19","guid":{"rendered":"https:\/\/gokcegrup.com.tr\/?page_id=2778"},"modified":"2021-06-23T17:48:50","modified_gmt":"2021-06-23T14:48:50","slug":"misyon-ve-vizyon","status":"publish","type":"page","link":"https:\/\/gokcegrup.com.tr\/?page_id=2778","title":{"rendered":"Misyon ve Vizyon"},"content":{"rendered":"<p>[vc_row content_placement=&#8221;middle&#8221; row_reverse_mobile=&#8221;1&#8243; css=&#8221;.vc_custom_1522938719228{margin-bottom: 4vh !important;}&#8221;][vc_column offset=&#8221;vc_col-lg-6 vc_col-md-6&#8243; css=&#8221;.vc_custom_1522937351377{margin-bottom: 4vh !important;}&#8221;]\t\n\t\t\t<div id=\"wd-60be5adc9fe84\" class=\"woodmart-text-block-wrapper color-scheme-dark woodmart-title-size-custom woodmart-title-width-90 text-left vc_custom_1623087894795\">\n\t\t\t\t<div class=\"woodmart-title-container woodmart-text-block font-primary woodmart-font-weight-600\">\n\t\t\t\t\t<span class=\"color-primary\">Misyon<\/span>umuz\t\t\t\t<\/div>\n\t\t\t\t\t\n\t\t\t<\/div>\n\t\t[vc_column_text css=&#8221;.vc_custom_1623088281548{margin-bottom: 20px !important;}&#8221; el_class=&#8221;text-larger&#8221; text_larger=&#8221;no&#8221;]G\u00f6k\u00e7e Grup olarak verdi\u011fimiz hizmetlerde; \u00e7a\u011fda\u015f, g\u00fcvenilir, \u00e7evreye duyarl\u0131, m\u00fc\u015fteri haklar\u0131na sayg\u0131l\u0131 bir \u015fekilde hizmet vermeyi, \u015firket \u00e7al\u0131\u015fanlar\u0131n\u0131n memnuniyetini sa\u011flamay\u0131, sosyal hak ve e\u011fitim ihtiya\u00e7lar\u0131na katk\u0131da bulununan, m\u00fc\u015fterilerin, tedarik\u00e7ilerin memnuniyetini s\u00fcrekli ve tam olarak sa\u011flamay\u0131, ortak sorumluluk analay\u0131\u015f\u0131 i\u00e7inde sorunlar\u0131 \u00e7\u00f6zmeyi \u00f6ncelik kabul ederiz.<\/p>\n<p>Kurucusu Fikret G\u00f6k\u00e7e&#8217;nin 25 y\u0131ll\u0131k bankac\u0131l\u0131k ve y\u00f6neticilik deneyimlerini kullanarak kendini geli\u015ftiren yeniliklere a\u00e7\u0131k bir kurulu\u015ftur.[\/vc_column_text][\/vc_column][vc_column offset=&#8221;vc_col-lg-6 vc_col-md-6&#8243; css=&#8221;.vc_custom_1522937354748{margin-bottom: 4vh !important;}&#8221;][vc_single_image image=&#8221;2877&#8243; img_size=&#8221;full&#8221; scroll_x=&#8221;0&#8243; scroll_y=&#8221;-60&#8243; scroll_z=&#8221;0&#8243; scroll_smooth=&#8221;30&#8243; parallax_scroll=&#8221;yes&#8221; css=&#8221;.vc_custom_1624459707634{margin-bottom: -60px !important;}&#8221;][vc_empty_space height=&#8221;60px&#8221; woodmart_hide_large=&#8221;1&#8243;][\/vc_column][\/vc_row][vc_row content_placement=&#8221;middle&#8221; css=&#8221;.vc_custom_1535114123183{margin-bottom: 8vh !important;}&#8221;][vc_column css=&#8221;.vc_custom_1522938665062{margin-bottom: 4vh !important;}&#8221; offset=&#8221;vc_col-lg-6 vc_col-md-6&#8243;][vc_single_image image=&#8221;2878&#8243; img_size=&#8221;full&#8221; scroll_x=&#8221;0&#8243; scroll_y=&#8221;-60&#8243; scroll_z=&#8221;0&#8243; parallax_scroll=&#8221;yes&#8221; css=&#8221;.vc_custom_1624459718927{margin-bottom: -60px !important;}&#8221;][vc_empty_space height=&#8221;60px&#8221; woodmart_hide_large=&#8221;1&#8243;][\/vc_column][vc_column css=&#8221;.vc_custom_1522938670164{margin-bottom: 4vh !important;}&#8221; offset=&#8221;vc_col-lg-6 vc_col-md-6&#8243;]\t\n\t\t\t<div id=\"wd-60be5b1af2d8a\" class=\"woodmart-text-block-wrapper color-scheme-dark woodmart-title-size-custom woodmart-title-width-90 text-left vc_custom_1623087938687\">\n\t\t\t\t<div class=\"woodmart-title-container woodmart-text-block font-primary woodmart-font-weight-600\">\n\t\t\t\t\t<span class=\"color-primary\">Vizyon<\/span>umuz\t\t\t\t<\/div>\n\t\t\t\t\t\n\t\t\t<\/div>\n\t\t[vc_column_text css=&#8221;.vc_custom_1623088558954{margin-bottom: 20px !important;}&#8221; el_class=&#8221;text-larger&#8221; text_larger=&#8221;no&#8221;]G\u00f6k\u00e7e Grup, kurumsall\u0131\u011f\u0131n gereklili\u011fini benimsemi\u015f ve bu do\u011frultuda belirlemi\u015f oldu\u011fu kalite politikas\u0131ndan asla \u00f6d\u00fcn vermeden olu\u015fturdu\u011fu hizmet anlay\u0131\u015f\u0131 ile verdi\u011fi kaliteli hizmetleri ile sayg\u0131n bir kurulu\u015f olmay\u0131 ba\u015farm\u0131\u015ft\u0131r. Bu do\u011frultuda de\u011ferli m\u00fc\u015fterilerimiz, \u00e7al\u0131\u015fanlar\u0131m\u0131z ve tedarik\u00e7ilerimizle; g\u00fcvenli, huzurlu, \u015feffaf, demokratik ve karl\u0131 bir ortam olu\u015fturarak bunun s\u00fcreklili\u011fini sa\u011flamay\u0131 kendine hedef se\u00e7mi\u015ftir.[\/vc_column_text][\/vc_column][\/vc_row]<\/p>\n","protected":false},"excerpt":{"rendered":"<p>[vc_row content_placement=&#8221;middle&#8221; row_reverse_mobile=&#8221;1&#8243; css=&#8221;.vc_custom_1522938719228{margin-bottom: 4vh !important;}&#8221;][vc_column offset=&#8221;vc_col-lg-6 vc_col-md-6&#8243; css=&#8221;.vc_custom_1522937351377{margin-bottom: 4vh !important;}&#8221;][vc_column_text css=&#8221;.vc_custom_1623088281548{margin-bottom: 20px !important;}&#8221; el_class=&#8221;text-larger&#8221; text_larger=&#8221;no&#8221;]G\u00f6k\u00e7e Grup olarak verdi\u011fimiz hizmetlerde;<\/p>\n","protected":false},"author":1,"featured_media":0,"parent":0,"menu_order":0,"comment_status":"closed","ping_status":"closed","template":"","meta":{"footnotes":""},"class_list":["post-2778","page","type-page","status-publish","hentry"],"_links":{"self":[{"href":"https:\/\/gokcegrup.com.tr\/index.php?rest_route=\/wp\/v2\/pages\/2778","targetHints":{"allow":["GET"]}}],"collection":[{"href":"https:\/\/gokcegrup.com.tr\/index.php?rest_route=\/wp\/v2\/pages"}],"about":[{"href":"https:\/\/gokcegrup.com.tr\/index.php?rest_route=\/wp\/v2\/types\/page"}],"author":[{"embeddable":true,"href":"https:\/\/gokcegrup.com.tr\/index.php?rest_route=\/wp\/v2\/users\/1"}],"replies":[{"embeddable":true,"href":"https:\/\/gokcegrup.com.tr\/index.php?rest_route=%2Fwp%2Fv2%2Fcomments&post=2778"}],"version-history":[{"count":6,"href":"https:\/\/gokcegrup.com.tr\/index.php?rest_route=\/wp\/v2\/pages\/2778\/revisions"}],"predecessor-version":[{"id":2880,"href":"https:\/\/gokcegrup.com.tr\/index.php?rest_route=\/wp\/v2\/pages\/2778\/revisions\/2880"}],"wp:attachment":[{"href":"https:\/\/gokcegrup.com.tr\/index.php?rest_route=%2Fwp%2Fv2%2Fmedia&parent=2778"}],"curies":[{"name":"wp","href":"https:\/\/api.w.org\/{rel}","templated":true}]}}