{"id":2787,"date":"2021-06-07T21:18:53","date_gmt":"2021-06-07T18:18:53","guid":{"rendered":"https:\/\/gokcegrup.com.tr\/?page_id=2787"},"modified":"2021-06-23T17:46:56","modified_gmt":"2021-06-23T14:46:56","slug":"neden-biz","status":"publish","type":"page","link":"https:\/\/gokcegrup.com.tr\/?page_id=2787","title":{"rendered":"Neden Biz"},"content":{"rendered":"<p>[vc_row content_placement=&#8221;middle&#8221; row_reverse_mobile=&#8221;1&#8243; css=&#8221;.vc_custom_1522938719228{margin-bottom: 4vh !important;}&#8221;][vc_column offset=&#8221;vc_col-lg-6 vc_col-md-6&#8243; css=&#8221;.vc_custom_1522937351377{margin-bottom: 4vh !important;}&#8221;]\t\n\t\t\t<div id=\"wd-60be636724934\" class=\"woodmart-text-block-wrapper color-scheme-dark woodmart-title-size-custom woodmart-title-width-90 text-left vc_custom_1623090029640\">\n\t\t\t\t<div class=\"woodmart-title-container woodmart-text-block font-primary woodmart-font-weight-600\">\n\t\t\t\t\tNeden <span class=\"color-primary\">Biz<\/span>?\t\t\t\t<\/div>\n\t\t\t\t\t\n\t\t\t<\/div>\n\t\t[vc_column_text css=&#8221;.vc_custom_1623089931073{margin-bottom: 20px !important;}&#8221; el_class=&#8221;text-larger&#8221; text_larger=&#8221;no&#8221;]Dikkat, disiplin, g\u00fcven ve \u00f6zveri en b\u00fcy\u00fck prensibimiz. \u015eirket \u00e7al\u0131\u015fanlar\u0131m\u0131 \u00f6zenle se\u00e7ip her t\u00fcrl\u00fc adli ve sa\u011fl\u0131k taramas\u0131ndan ge\u00e7irdikten sonra \u00e7al\u0131\u015fma prensibimize uygun olarak hizmetinize \u00f6yle sonuyoruz.<\/p>\n<p>M\u00fc\u015fterilerimiz i\u00e7in en az maliyette ve en kaliteli hizmeti veriyoruz.<br \/>\nM\u00fc\u015fterilerimize aile g\u00f6z\u00fcyle bak\u0131p o hassasiyetle yakla\u015f\u0131yoruz.<br \/>\n\u0130steklerinizi do\u011fru analiz edip sonu\u00e7 odakl\u0131 hizmet vermek.<\/p>\n<p>De\u011fi\u015fen piyasalar\u0131 yak\u0131nen takip edip zamana ve teknolojiye ayak uyduruyoruz. Sosyal sorumluluk alan\u0131nda t\u00fcm faaliyetlere kat\u0131l\u0131p \u00fczerimize d\u00fc\u015fen g\u00f6revleri eksiksiz yap\u0131yoruz.[\/vc_column_text][\/vc_column][vc_column offset=&#8221;vc_col-lg-6 vc_col-md-6&#8243; css=&#8221;.vc_custom_1522937354748{margin-bottom: 4vh !important;}&#8221;][vc_single_image image=&#8221;2875&#8243; img_size=&#8221;full&#8221; scroll_x=&#8221;0&#8243; scroll_y=&#8221;-60&#8243; scroll_z=&#8221;0&#8243; scroll_smooth=&#8221;30&#8243; parallax_scroll=&#8221;yes&#8221; css=&#8221;.vc_custom_1624459604497{margin-bottom: -60px !important;}&#8221;][vc_empty_space height=&#8221;60px&#8221; woodmart_hide_large=&#8221;1&#8243;][\/vc_column][\/vc_row]<\/p>\n","protected":false},"excerpt":{"rendered":"<p>[vc_row content_placement=&#8221;middle&#8221; row_reverse_mobile=&#8221;1&#8243; css=&#8221;.vc_custom_1522938719228{margin-bottom: 4vh !important;}&#8221;][vc_column offset=&#8221;vc_col-lg-6 vc_col-md-6&#8243; css=&#8221;.vc_custom_1522937351377{margin-bottom: 4vh !important;}&#8221;][vc_column_text css=&#8221;.vc_custom_1623089931073{margin-bottom: 20px !important;}&#8221; el_class=&#8221;text-larger&#8221; text_larger=&#8221;no&#8221;]Dikkat, disiplin, g\u00fcven ve \u00f6zveri<\/p>\n","protected":false},"author":1,"featured_media":0,"parent":0,"menu_order":0,"comment_status":"closed","ping_status":"closed","template":"","meta":{"footnotes":""},"class_list":["post-2787","page","type-page","status-publish","hentry"],"_links":{"self":[{"href":"https:\/\/gokcegrup.com.tr\/index.php?rest_route=\/wp\/v2\/pages\/2787","targetHints":{"allow":["GET"]}}],"collection":[{"href":"https:\/\/gokcegrup.com.tr\/index.php?rest_route=\/wp\/v2\/pages"}],"about":[{"href":"https:\/\/gokcegrup.com.tr\/index.php?rest_route=\/wp\/v2\/types\/page"}],"author":[{"embeddable":true,"href":"https:\/\/gokcegrup.com.tr\/index.php?rest_route=\/wp\/v2\/users\/1"}],"replies":[{"embeddable":true,"href":"https:\/\/gokcegrup.com.tr\/index.php?rest_route=%2Fwp%2Fv2%2Fcomments&post=2787"}],"version-history":[{"count":3,"href":"https:\/\/gokcegrup.com.tr\/index.php?rest_route=\/wp\/v2\/pages\/2787\/revisions"}],"predecessor-version":[{"id":2876,"href":"https:\/\/gokcegrup.com.tr\/index.php?rest_route=\/wp\/v2\/pages\/2787\/revisions\/2876"}],"wp:attachment":[{"href":"https:\/\/gokcegrup.com.tr\/index.php?rest_route=%2Fwp%2Fv2%2Fmedia&parent=2787"}],"curies":[{"name":"wp","href":"https:\/\/api.w.org\/{rel}","templated":true}]}}